{"id":96,"date":"2023-09-17T20:20:01","date_gmt":"2023-09-17T20:20:01","guid":{"rendered":"https:\/\/sonapesca.org\/?page_id=96"},"modified":"2023-09-30T22:53:15","modified_gmt":"2023-09-30T22:53:15","slug":"objectifs-strategiques","status":"publish","type":"page","link":"https:\/\/sonapesca.org\/index.php\/objectifs-strategiques\/","title":{"rendered":"Objectifs strat\u00e9giques"},"content":{"rendered":"\n<div class=\"wp-block-group alignfull has-background\" style=\"background-color:#f2f0e9\"><div class=\"wp-block-group__inner-container is-layout-flow wp-block-group-is-layout-flow\">\n<div style=\"height:70px\" aria-hidden=\"true\" class=\"wp-block-spacer\"><\/div>\n\n\n\n<div class=\"wp-block-columns alignwide are-vertically-aligned-center is-layout-flex wp-container-core-columns-is-layout-9d6595d7 wp-block-columns-is-layout-flex\">\n<div class=\"wp-block-column is-layout-flow wp-block-column-is-layout-flow\" style=\"flex-basis:50%\">\n<p class=\"has-text-color\" style=\"color:#000000;font-size:30px;line-height:1.1\"><\/p>\n<\/div>\n\n\n\n<div class=\"wp-block-column is-layout-flow wp-block-column-is-layout-flow\" style=\"flex-basis:50%\">\n<hr class=\"wp-block-separator has-text-color has-css-opacity has-background is-style-wide\" style=\"background-color:#000000;color:#000000\"\/>\n<\/div>\n<\/div>\n\n\n\n<div class=\"wp-block-columns alignwide are-vertically-aligned-top is-layout-flex wp-container-core-columns-is-layout-9d6595d7 wp-block-columns-is-layout-flex\">\n<div class=\"wp-block-column is-vertically-aligned-top is-layout-flow wp-block-column-is-layout-flow\">\n<p class=\"has-text-color has-extra-small-font-size\" style=\"color:#000000\">Dans l&rsquo;optique d&rsquo;atteindre une autonomisation financi\u00e8re et apporter une contribution significative \u00e0 la diversification de l\u2019\u00e9conomie \u00e9quato-guin\u00e9enne, la <strong>SONAPESCA<\/strong> s&rsquo;est dot\u00e9 d&rsquo;un plan strat\u00e9gique (p\u00e9riode 2024-2028)  dont les objectifs strat\u00e9giques sont les suivants :<\/p>\n\n\n\n<div class=\"wp-block-uagb-icon-list uagb-block-86b2cc16\"><div class=\"uagb-icon-list__wrap\">\n<div class=\"wp-block-uagb-icon-list-child uagb-block-9e68b27b\"><span class=\"uagb-icon-list__source-wrap\"><svg xmlns=\"https:\/\/www.w3.org\/2000\/svg\" viewBox=\"0 0 384 512\"><path d=\"M384 48V512l-192-112L0 512V48C0 21.5 21.5 0 48 0h288C362.5 0 384 21.5 384 48z\"><\/path><\/svg><\/span><span class=\"uagb-icon-list__label\"><strong>Disposer d\u2019un personnel en comp\u00e9tence\/qualification et quantit\u00e9 suffisante pour relever les d\u00e9fis de la SONAPESCA<\/strong><\/span><\/div>\n\n\n\n<div class=\"wp-block-uagb-icon-list-child uagb-block-daa87dd6\"><span class=\"uagb-icon-list__source-wrap\"><svg xmlns=\"https:\/\/www.w3.org\/2000\/svg\" viewBox=\"0 0 384 512\"><path d=\"M384 48V512l-192-112L0 512V48C0 21.5 21.5 0 48 0h288C362.5 0 384 21.5 384 48z\"><\/path><\/svg><\/span><span class=\"uagb-icon-list__label\"><strong>Am\u00e9liorer la productivit\u00e9 du personnel au travail<\/strong><\/span><\/div>\n\n\n\n<div class=\"wp-block-uagb-icon-list-child uagb-block-1b8b05af\"><span class=\"uagb-icon-list__source-wrap\"><svg xmlns=\"https:\/\/www.w3.org\/2000\/svg\" viewBox=\"0 0 384 512\"><path d=\"M384 48V512l-192-112L0 512V48C0 21.5 21.5 0 48 0h288C362.5 0 384 21.5 384 48z\"><\/path><\/svg><\/span><span class=\"uagb-icon-list__label\"><strong>Asseoir les instruments d\u2019am\u00e9lioration de la performance et de la rentabilit\u00e9 de la SONAPESCA<\/strong><\/span><\/div>\n\n\n\n<div class=\"wp-block-uagb-icon-list-child uagb-block-600152ee\"><span class=\"uagb-icon-list__source-wrap\"><svg xmlns=\"https:\/\/www.w3.org\/2000\/svg\" viewBox=\"0 0 384 512\"><path d=\"M384 48V512l-192-112L0 512V48C0 21.5 21.5 0 48 0h288C362.5 0 384 21.5 384 48z\"><\/path><\/svg><\/span><span class=\"uagb-icon-list__label\"><strong>Assurer l\u2019adh\u00e9sion et le soutien des parties prenantes \u00e0 la gestion des ressources halieutiques.<\/strong><\/span><\/div>\n\n\n\n<div class=\"wp-block-uagb-icon-list-child uagb-block-5f4869ef\"><span class=\"uagb-icon-list__source-wrap\"><svg xmlns=\"https:\/\/www.w3.org\/2000\/svg\" viewBox=\"0 0 384 512\"><path d=\"M384 48V512l-192-112L0 512V48C0 21.5 21.5 0 48 0h288C362.5 0 384 21.5 384 48z\"><\/path><\/svg><\/span><span class=\"uagb-icon-list__label\"><strong><strong>Accroitre la capacit\u00e9 de la SONAPESCA \u00e0 porter ses choix strat\u00e9giques de d\u00e9veloppement<\/strong><\/strong><\/span><\/div>\n\n\n\n<div class=\"wp-block-uagb-icon-list-child uagb-block-58478db3\"><span class=\"uagb-icon-list__source-wrap\"><svg xmlns=\"https:\/\/www.w3.org\/2000\/svg\" viewBox=\"0 0 384 512\"><path d=\"M384 48V512l-192-112L0 512V48C0 21.5 21.5 0 48 0h288C362.5 0 384 21.5 384 48z\"><\/path><\/svg><\/span><span class=\"uagb-icon-list__label\"><strong><strong><strong><strong>Disposer de statistiques fiables et de partenariats pour mieux orienter les politiques de d\u00e9veloppement et mieux intervenir sur le terrain<\/strong><\/strong><\/strong><\/strong><\/span><\/div>\n\n\n\n<div class=\"wp-block-uagb-icon-list-child uagb-block-006d8fd8\"><span class=\"uagb-icon-list__source-wrap\"><svg xmlns=\"https:\/\/www.w3.org\/2000\/svg\" viewBox=\"0 0 384 512\"><path d=\"M384 48V512l-192-112L0 512V48C0 21.5 21.5 0 48 0h288C362.5 0 384 21.5 384 48z\"><\/path><\/svg><\/span><span class=\"uagb-icon-list__label\"><strong><strong><strong><strong><strong><strong><strong>\u00a0Stimuler la contribution du priv\u00e9 \u00e0 l\u2019exploitation durable des ressources de la p\u00eache <\/strong><\/strong><\/strong><\/strong><\/strong><\/strong><\/strong><\/span><\/div>\n<\/div><\/div>\n<\/div>\n<\/div>\n\n\n\n<div style=\"height:40px\" aria-hidden=\"true\" class=\"wp-block-spacer\"><\/div>\n<\/div><\/div>\n","protected":false},"excerpt":{"rendered":"<p>Dans l&rsquo;optique d&rsquo;atteindre une autonomisation financi\u00e8re et apporter une contribution significative \u00e0 la diversification de l\u2019\u00e9conomie \u00e9quato-guin\u00e9enne, la SONAPESCA s&rsquo;est dot\u00e9 d&rsquo;un plan strat\u00e9gique (p\u00e9riode 2024-2028) dont les objectifs strat\u00e9giques sont les suivants :<\/p>\n","protected":false},"author":1,"featured_media":0,"parent":0,"menu_order":0,"comment_status":"closed","ping_status":"closed","template":"templates\/template-page-full-width.php","meta":{"_uag_custom_page_level_css":"","footnotes":""},"class_list":["post-96","page","type-page","status-publish","hentry"],"uagb_featured_image_src":{"full":false,"thumbnail":false,"medium":false,"medium_large":false,"large":false,"1536x1536":false,"2048x2048":false},"uagb_author_info":{"display_name":"sonapescaguinee","author_link":"https:\/\/sonapesca.org\/index.php\/author\/sonapescaguinee\/"},"uagb_comment_info":0,"uagb_excerpt":"Dans l&rsquo;optique d&rsquo;atteindre une autonomisation financi\u00e8re et apporter une contribution significative \u00e0 la diversification de l\u2019\u00e9conomie \u00e9quato-guin\u00e9enne, la SONAPESCA s&rsquo;est dot\u00e9 d&rsquo;un plan strat\u00e9gique (p\u00e9riode 2024-2028) dont les objectifs strat\u00e9giques sont les suivants :","_links":{"self":[{"href":"https:\/\/sonapesca.org\/index.php\/wp-json\/wp\/v2\/pages\/96","targetHints":{"allow":["GET"]}}],"collection":[{"href":"https:\/\/sonapesca.org\/index.php\/wp-json\/wp\/v2\/pages"}],"about":[{"href":"https:\/\/sonapesca.org\/index.php\/wp-json\/wp\/v2\/types\/page"}],"author":[{"embeddable":true,"href":"https:\/\/sonapesca.org\/index.php\/wp-json\/wp\/v2\/users\/1"}],"replies":[{"embeddable":true,"href":"https:\/\/sonapesca.org\/index.php\/wp-json\/wp\/v2\/comments?post=96"}],"version-history":[{"count":12,"href":"https:\/\/sonapesca.org\/index.php\/wp-json\/wp\/v2\/pages\/96\/revisions"}],"predecessor-version":[{"id":661,"href":"https:\/\/sonapesca.org\/index.php\/wp-json\/wp\/v2\/pages\/96\/revisions\/661"}],"wp:attachment":[{"href":"https:\/\/sonapesca.org\/index.php\/wp-json\/wp\/v2\/media?parent=96"}],"curies":[{"name":"wp","href":"https:\/\/api.w.org\/{rel}","templated":true}]}}