{"id":70,"date":"2023-09-17T13:24:11","date_gmt":"2023-09-17T13:24:11","guid":{"rendered":"https:\/\/sonapesca.org\/?page_id=70"},"modified":"2023-09-30T22:30:35","modified_gmt":"2023-09-30T22:30:35","slug":"partenaires","status":"publish","type":"page","link":"https:\/\/sonapesca.org\/index.php\/partenaires\/","title":{"rendered":"Partenaires"},"content":{"rendered":"\n<div class=\"wp-block-group alignfull has-background\" style=\"background-color:#f2f0e9\"><div class=\"wp-block-group__inner-container is-layout-flow wp-block-group-is-layout-flow\">\n<div style=\"height:70px\" aria-hidden=\"true\" class=\"wp-block-spacer\"><\/div>\n\n\n\n<div class=\"wp-block-columns alignwide are-vertically-aligned-center is-layout-flex wp-container-core-columns-is-layout-9d6595d7 wp-block-columns-is-layout-flex\">\n<div class=\"wp-block-column is-layout-flow wp-block-column-is-layout-flow\" style=\"flex-basis:50%\">\n<p class=\"has-text-color\" style=\"color:#000000;font-size:30px;line-height:1.1\"><\/p>\n<\/div>\n\n\n\n<div class=\"wp-block-column is-layout-flow wp-block-column-is-layout-flow\" style=\"flex-basis:50%\">\n<hr class=\"wp-block-separator has-text-color has-css-opacity has-background is-style-wide\" style=\"background-color:#000000;color:#000000\"\/>\n<\/div>\n<\/div>\n\n\n\n<div class=\"wp-block-columns alignwide is-layout-flex wp-container-core-columns-is-layout-9d6595d7 wp-block-columns-is-layout-flex\">\n<div class=\"wp-block-column is-layout-flow wp-block-column-is-layout-flow\">\n<div class=\"wp-block-uagb-image aligncenter uagb-block-79a5d7f4 wp-block-uagb-image--layout-default wp-block-uagb-image--effect-static wp-block-uagb-image--align-center\"><figure class=\"wp-block-uagb-image__figure\"><img decoding=\"async\" srcset=\"https:\/\/sonapesca.org\/wp-content\/uploads\/2023\/09\/etatguineen-2.png \" sizes=\"auto, (max-width: 480px) 150px\" src=\"https:\/\/sonapesca.org\/wp-content\/uploads\/2023\/09\/etatguineen-2.png\" alt=\"\" class=\"uag-image-637\" width=\"190\" height=\"1083\" title=\"\" loading=\"lazy\"\/><\/figure><\/div>\n\n\n\n<div style=\"height:40px\" aria-hidden=\"true\" class=\"wp-block-spacer\"><\/div>\n\n\n\n<div class=\"wp-block-uagb-image aligncenter uagb-block-40ed7609 wp-block-uagb-image--layout-default wp-block-uagb-image--effect-static wp-block-uagb-image--align-center\"><figure class=\"wp-block-uagb-image__figure\"><img decoding=\"async\" srcset=\"https:\/\/sonapesca.org\/wp-content\/uploads\/2023\/09\/banquemondiale-2.png \" sizes=\"auto, (max-width: 480px) 150px\" src=\"https:\/\/sonapesca.org\/wp-content\/uploads\/2023\/09\/banquemondiale-2.png\" alt=\"\" class=\"uag-image-647\" width=\"199\" height=\"77\" title=\"\" loading=\"lazy\"\/><\/figure><\/div>\n\n\n\n<div style=\"height:40px\" aria-hidden=\"true\" class=\"wp-block-spacer\"><\/div>\n\n\n\n<div class=\"wp-block-uagb-image aligncenter uagb-block-0523641d wp-block-uagb-image--layout-default wp-block-uagb-image--effect-static wp-block-uagb-image--align-center\"><figure class=\"wp-block-uagb-image__figure\"><img decoding=\"async\" srcset=\"https:\/\/sonapesca.org\/wp-content\/uploads\/2023\/09\/bad.png \" sizes=\"auto, (max-width: 480px) 150px\" src=\"https:\/\/sonapesca.org\/wp-content\/uploads\/2023\/09\/bad.png\" alt=\"\" class=\"uag-image-639\" width=\"197\" height=\"101\" title=\"\" loading=\"lazy\"\/><\/figure><\/div>\n<\/div>\n\n\n\n<div class=\"wp-block-column is-layout-flow wp-block-column-is-layout-flow\">\n<p class=\"has-text-color has-extra-small-font-size\" style=\"color:#000000\">La SONAPESCA collabore avec de multiples partenaires techniques et financiers. <\/p>\n\n\n\n<p>Chacun d&rsquo;entre eux r\u00e9pond \u00e0 une multiplicit\u00e9 d&rsquo;imp\u00e9ratifs, de principes et de r\u00e8gles de proc\u00e9dures destin\u00e9s \u00e0 en assurer la bonne marche et \u00e0 faire en sorte que les appuis servent \u00e0 faire de la SONAPESCA une reference dans la production halieutique en Guin\u00e9e Equatoriale.<\/p>\n\n\n\n<p>Les partenariats effectifs : <\/p>\n\n\n\n<div class=\"wp-block-uagb-icon-list uagb-block-fb67aa32\"><div class=\"uagb-icon-list__wrap\">\n<div class=\"wp-block-uagb-icon-list-child uagb-block-9b82ea8a\"><span class=\"uagb-icon-list__source-wrap\"><svg xmlns=\"https:\/\/www.w3.org\/2000\/svg\" viewBox=\"0 0 512 512\"><path d=\"M0 256C0 114.6 114.6 0 256 0C397.4 0 512 114.6 512 256C512 397.4 397.4 512 256 512C114.6 512 0 397.4 0 256zM256 352C309 352 352 309 352 256C352 202.1 309 160 256 160C202.1 160 160 202.1 160 256C160 309 202.1 352 256 352z\"><\/path><\/svg><\/span><span class=\"uagb-icon-list__label\"><strong>L&rsquo;Etat de la Guin\u00e9e Equatoriale<\/strong><\/span><\/div>\n\n\n\n<div class=\"wp-block-uagb-icon-list-child uagb-block-664c48cc\"><span class=\"uagb-icon-list__source-wrap\"><svg xmlns=\"https:\/\/www.w3.org\/2000\/svg\" viewBox=\"0 0 512 512\"><path d=\"M0 256C0 114.6 114.6 0 256 0C397.4 0 512 114.6 512 256C512 397.4 397.4 512 256 512C114.6 512 0 397.4 0 256zM256 352C309 352 352 309 352 256C352 202.1 309 160 256 160C202.1 160 160 202.1 160 256C160 309 202.1 352 256 352z\"><\/path><\/svg><\/span><span class=\"uagb-icon-list__label\"><strong>La Banque mondiale<\/strong><\/span><\/div>\n\n\n\n<div class=\"wp-block-uagb-icon-list-child uagb-block-08114c52\"><span class=\"uagb-icon-list__source-wrap\"><svg xmlns=\"https:\/\/www.w3.org\/2000\/svg\" viewBox=\"0 0 512 512\"><path d=\"M0 256C0 114.6 114.6 0 256 0C397.4 0 512 114.6 512 256C512 397.4 397.4 512 256 512C114.6 512 0 397.4 0 256zM256 352C309 352 352 309 352 256C352 202.1 309 160 256 160C202.1 160 160 202.1 160 256C160 309 202.1 352 256 352z\"><\/path><\/svg><\/span><span class=\"uagb-icon-list__label\"><strong>La Banque Africaine de  D\u00e9veloppement (BAD)<\/strong><\/span><\/div>\n<\/div><\/div>\n<\/div>\n<\/div>\n\n\n\n<div style=\"height:40px\" aria-hidden=\"true\" class=\"wp-block-spacer\"><\/div>\n<\/div><\/div>\n","protected":false},"excerpt":{"rendered":"<p>La SONAPESCA collabore avec de multiples partenaires techniques et financiers. Chacun d&rsquo;entre eux r\u00e9pond \u00e0 une multiplicit\u00e9 d&rsquo;imp\u00e9ratifs, de principes et de r\u00e8gles de proc\u00e9dures destin\u00e9s \u00e0 en assurer la bonne marche et \u00e0 faire en sorte que les appuis servent \u00e0 faire de la SONAPESCA une reference dans la production halieutique en Guin\u00e9e Equatoriale. [&hellip;]<\/p>\n","protected":false},"author":1,"featured_media":0,"parent":0,"menu_order":0,"comment_status":"closed","ping_status":"closed","template":"templates\/template-page-full-width.php","meta":{"_uag_custom_page_level_css":"","footnotes":""},"class_list":["post-70","page","type-page","status-publish","hentry"],"uagb_featured_image_src":{"full":false,"thumbnail":false,"medium":false,"medium_large":false,"large":false,"1536x1536":false,"2048x2048":false},"uagb_author_info":{"display_name":"sonapescaguinee","author_link":"https:\/\/sonapesca.org\/index.php\/author\/sonapescaguinee\/"},"uagb_comment_info":0,"uagb_excerpt":"La SONAPESCA collabore avec de multiples partenaires techniques et financiers. Chacun d&rsquo;entre eux r\u00e9pond \u00e0 une multiplicit\u00e9 d&rsquo;imp\u00e9ratifs, de principes et de r\u00e8gles de proc\u00e9dures destin\u00e9s \u00e0 en assurer la bonne marche et \u00e0 faire en sorte que les appuis servent \u00e0 faire de la SONAPESCA une reference dans la production halieutique en Guin\u00e9e Equatoriale.\u2026","_links":{"self":[{"href":"https:\/\/sonapesca.org\/index.php\/wp-json\/wp\/v2\/pages\/70","targetHints":{"allow":["GET"]}}],"collection":[{"href":"https:\/\/sonapesca.org\/index.php\/wp-json\/wp\/v2\/pages"}],"about":[{"href":"https:\/\/sonapesca.org\/index.php\/wp-json\/wp\/v2\/types\/page"}],"author":[{"embeddable":true,"href":"https:\/\/sonapesca.org\/index.php\/wp-json\/wp\/v2\/users\/1"}],"replies":[{"embeddable":true,"href":"https:\/\/sonapesca.org\/index.php\/wp-json\/wp\/v2\/comments?post=70"}],"version-history":[{"count":19,"href":"https:\/\/sonapesca.org\/index.php\/wp-json\/wp\/v2\/pages\/70\/revisions"}],"predecessor-version":[{"id":656,"href":"https:\/\/sonapesca.org\/index.php\/wp-json\/wp\/v2\/pages\/70\/revisions\/656"}],"wp:attachment":[{"href":"https:\/\/sonapesca.org\/index.php\/wp-json\/wp\/v2\/media?parent=70"}],"curies":[{"name":"wp","href":"https:\/\/api.w.org\/{rel}","templated":true}]}}