{"id":590,"date":"2023-09-30T07:31:11","date_gmt":"2023-09-30T07:31:11","guid":{"rendered":"https:\/\/sonapesca.org\/?page_id=590"},"modified":"2023-10-01T00:37:21","modified_gmt":"2023-10-01T00:37:21","slug":"plan-strategique-mission-de-restitution-du-diagnostic","status":"publish","type":"page","link":"https:\/\/sonapesca.org\/index.php\/plan-strategique-mission-de-restitution-du-diagnostic\/","title":{"rendered":"Plan strat\u00e9gique &#8211; Mission de restitution du diagnostic"},"content":{"rendered":"\n<div class=\"wp-block-group alignfull has-background\" style=\"background-color:#f2f0e9\"><div class=\"wp-block-group__inner-container is-layout-constrained wp-block-group-is-layout-constrained\">\n<div style=\"height:70px;width:0px\" aria-hidden=\"true\" class=\"wp-block-spacer\"><\/div>\n\n\n\n<div class=\"wp-block-columns alignwide are-vertically-aligned-center is-layout-flex wp-container-core-columns-is-layout-9d6595d7 wp-block-columns-is-layout-flex\">\n<div class=\"wp-block-column is-layout-flow wp-block-column-is-layout-flow\" style=\"flex-basis:50%\">\n<p class=\"has-text-color\" style=\"color:#000000;font-size:30px;line-height:1.1\"><\/p>\n<\/div>\n\n\n\n<div class=\"wp-block-column is-layout-flow wp-block-column-is-layout-flow\" style=\"flex-basis:50%\">\n<hr class=\"wp-block-separator has-text-color has-css-opacity has-background is-style-wide\" style=\"background-color:#000000;color:#000000\"\/>\n<\/div>\n<\/div>\n\n\n\n<div class=\"wp-block-columns alignwide is-layout-flex wp-container-core-columns-is-layout-9d6595d7 wp-block-columns-is-layout-flex\">\n<div class=\"wp-block-column is-layout-flow wp-block-column-is-layout-flow\">\n<div class=\"wp-block-uagb-image uagb-block-8c5451a6 wp-block-uagb-image--layout-default wp-block-uagb-image--effect-static wp-block-uagb-image--align-none\"><figure class=\"wp-block-uagb-image__figure\"><img decoding=\"async\" srcset=\"https:\/\/sonapesca.org\/wp-content\/uploads\/2023\/09\/restitution2-1024x683.png \" sizes=\"auto, (max-width: 480px) 150px\" src=\"https:\/\/sonapesca.org\/wp-content\/uploads\/2023\/09\/restitution2-1024x683.png\" alt=\"\" class=\"uag-image-606\" width=\"1024\" height=\"683\" title=\"\" loading=\"lazy\"\/><\/figure><\/div>\n\n\n\n<div style=\"height:30px\" aria-hidden=\"true\" class=\"wp-block-spacer\"><\/div>\n\n\n\n<div class=\"wp-block-uagb-image uagb-block-5016a8b7 wp-block-uagb-image--layout-default wp-block-uagb-image--effect-static wp-block-uagb-image--align-none\"><figure class=\"wp-block-uagb-image__figure\"><img decoding=\"async\" srcset=\"https:\/\/sonapesca.org\/wp-content\/uploads\/2023\/09\/restitution-1-1024x571.png \" sizes=\"auto, (max-width: 480px) 150px\" src=\"https:\/\/sonapesca.org\/wp-content\/uploads\/2023\/09\/restitution-1-1024x571.png\" alt=\"\" class=\"uag-image-599\" width=\"1024\" height=\"571\" title=\"\" loading=\"lazy\"\/><\/figure><\/div>\n<\/div>\n\n\n\n<div class=\"wp-block-column is-layout-flow wp-block-column-is-layout-flow\">\n<p class=\"has-text-color has-extra-small-font-size\" style=\"color:#000000\">La troisi\u00e8me mission pour l&rsquo;\u00e9laboration du plan strat\u00e9gique s&rsquo;est \u00e9tal\u00e9e sur la p\u00e9riode du 11  au 22 juillet 2023.  Elle \u00e9tait compos\u00e9e de trois (3) membres dont : <\/p>\n\n\n\n<ul class=\"wp-block-list\">\n<li><strong>M. BAKOUAN Ali<\/strong>, Directeur G\u00e9n\u00e9ral du cabinet CHARSO PRESTATIONS Sarl, expert en Finances,<\/li>\n\n\n\n<li><strong>M. ZAMPALIGRE Idrissa, <\/strong>expert en p\u00eache<\/li>\n\n\n\n<li><strong>M. LANKOANDE B\u00e9do St\u00e9phane, <\/strong>Economiste planificateur, expert en finances publiques<\/li>\n<\/ul>\n\n\n\n<p><\/p>\n\n\n\n<p class=\"has-text-color has-extra-small-font-size\" style=\"color:#000000\">La mission avait pour objectif global de Restituer le Rapport diagnostic de la SONAPESCA au Comit\u00e9 technique de suivi mis en place dans le cadre de la mission d\u2019assistance technique.<\/p>\n\n\n\n<p class=\"has-text-color has-extra-small-font-size\" style=\"color:#000000\">Les objectifs sp\u00e9cifiques de la missions \u00e9taient de : <\/p>\n\n\n\n<p><\/p>\n\n\n\n<div class=\"wp-block-uagb-icon-list uagb-block-f082ced6\"><div class=\"uagb-icon-list__wrap\">\n<div class=\"wp-block-uagb-icon-list-child uagb-block-3ac1e0d5\"><span class=\"uagb-icon-list__source-wrap\"><svg xmlns=\"https:\/\/www.w3.org\/2000\/svg\" viewBox=\"0 0 384 512\"><path d=\"M384 48V512l-192-112L0 512V48C0 21.5 21.5 0 48 0h288C362.5 0 384 21.5 384 48z\"><\/path><\/svg><\/span><span class=\"uagb-icon-list__label\">Echanger autour des d\u00e9fis<\/span><\/div>\n\n\n\n<div class=\"wp-block-uagb-icon-list-child uagb-block-9dcfc8af\"><span class=\"uagb-icon-list__source-wrap\"><svg xmlns=\"https:\/\/www.w3.org\/2000\/svg\" viewBox=\"0 0 384 512\"><path d=\"M384 48V512l-192-112L0 512V48C0 21.5 21.5 0 48 0h288C362.5 0 384 21.5 384 48z\"><\/path><\/svg><\/span><span class=\"uagb-icon-list__label\">Formuler des orientations strat\u00e9giques<\/span><\/div>\n\n\n\n<div class=\"wp-block-uagb-icon-list-child uagb-block-19fd6eae\"><span class=\"uagb-icon-list__source-wrap\"><svg xmlns=\"https:\/\/www.w3.org\/2000\/svg\" viewBox=\"0 0 384 512\"><path d=\"M384 48V512l-192-112L0 512V48C0 21.5 21.5 0 48 0h288C362.5 0 384 21.5 384 48z\"><\/path><\/svg><\/span><span class=\"uagb-icon-list__label\">D\u00e9finir une vision pour la SONAPESCA de fa\u00e7on consensuelle et objective<\/span><\/div>\n\n\n\n<div class=\"wp-block-uagb-icon-list-child uagb-block-bf64011d\"><span class=\"uagb-icon-list__source-wrap\"><svg xmlns=\"https:\/\/www.w3.org\/2000\/svg\" viewBox=\"0 0 384 512\"><path d=\"M384 48V512l-192-112L0 512V48C0 21.5 21.5 0 48 0h288C362.5 0 384 21.5 384 48z\"><\/path><\/svg><\/span><span class=\"uagb-icon-list__label\">D\u00e9marrer la r\u00e9daction du plan strat\u00e9gique 2024-2028<\/span><\/div>\n<\/div><\/div>\n<\/div>\n<\/div>\n\n\n\n<div class=\"wp-block-group\"><div class=\"wp-block-group__inner-container is-layout-constrained wp-block-group-is-layout-constrained\"><\/div><\/div>\n\n\n\n<div style=\"height:40px;width:0px\" aria-hidden=\"true\" class=\"wp-block-spacer\"><\/div>\n<\/div><\/div>\n","protected":false},"excerpt":{"rendered":"<p>La troisi\u00e8me mission pour l&rsquo;\u00e9laboration du plan strat\u00e9gique s&rsquo;est \u00e9tal\u00e9e sur la p\u00e9riode du 11 au 22 juillet 2023. Elle \u00e9tait compos\u00e9e de trois (3) membres dont : La mission avait pour objectif global de Restituer le Rapport diagnostic de la SONAPESCA au Comit\u00e9 technique de suivi mis en place dans le cadre de la [&hellip;]<\/p>\n","protected":false},"author":1,"featured_media":0,"parent":0,"menu_order":0,"comment_status":"closed","ping_status":"closed","template":"templates\/template-page-full-width.php","meta":{"_uag_custom_page_level_css":"","footnotes":""},"class_list":["post-590","page","type-page","status-publish","hentry"],"uagb_featured_image_src":{"full":false,"thumbnail":false,"medium":false,"medium_large":false,"large":false,"1536x1536":false,"2048x2048":false},"uagb_author_info":{"display_name":"sonapescaguinee","author_link":"https:\/\/sonapesca.org\/index.php\/author\/sonapescaguinee\/"},"uagb_comment_info":0,"uagb_excerpt":"La troisi\u00e8me mission pour l&rsquo;\u00e9laboration du plan strat\u00e9gique s&rsquo;est \u00e9tal\u00e9e sur la p\u00e9riode du 11 au 22 juillet 2023. Elle \u00e9tait compos\u00e9e de trois (3) membres dont : La mission avait pour objectif global de Restituer le Rapport diagnostic de la SONAPESCA au Comit\u00e9 technique de suivi mis en place dans le cadre de la\u2026","_links":{"self":[{"href":"https:\/\/sonapesca.org\/index.php\/wp-json\/wp\/v2\/pages\/590","targetHints":{"allow":["GET"]}}],"collection":[{"href":"https:\/\/sonapesca.org\/index.php\/wp-json\/wp\/v2\/pages"}],"about":[{"href":"https:\/\/sonapesca.org\/index.php\/wp-json\/wp\/v2\/types\/page"}],"author":[{"embeddable":true,"href":"https:\/\/sonapesca.org\/index.php\/wp-json\/wp\/v2\/users\/1"}],"replies":[{"embeddable":true,"href":"https:\/\/sonapesca.org\/index.php\/wp-json\/wp\/v2\/comments?post=590"}],"version-history":[{"count":8,"href":"https:\/\/sonapesca.org\/index.php\/wp-json\/wp\/v2\/pages\/590\/revisions"}],"predecessor-version":[{"id":701,"href":"https:\/\/sonapesca.org\/index.php\/wp-json\/wp\/v2\/pages\/590\/revisions\/701"}],"wp:attachment":[{"href":"https:\/\/sonapesca.org\/index.php\/wp-json\/wp\/v2\/media?parent=590"}],"curies":[{"name":"wp","href":"https:\/\/api.w.org\/{rel}","templated":true}]}}