{"id":560,"date":"2023-09-30T06:19:24","date_gmt":"2023-09-30T06:19:24","guid":{"rendered":"https:\/\/sonapesca.org\/?page_id=560"},"modified":"2023-09-30T08:49:35","modified_gmt":"2023-09-30T08:49:35","slug":"plan-strategique-mission-diagnostique","status":"publish","type":"page","link":"https:\/\/sonapesca.org\/index.php\/plan-strategique-mission-diagnostique\/","title":{"rendered":"Plan strat\u00e9gique  &#8211; Mission de diagnostique"},"content":{"rendered":"\n<p><\/p>\n\n\n\n<div class=\"wp-block-group alignfull has-background\" style=\"background-color:#f2f0e9\"><div class=\"wp-block-group__inner-container is-layout-constrained wp-block-group-is-layout-constrained\">\n<div style=\"height:70px;width:0px\" aria-hidden=\"true\" class=\"wp-block-spacer\"><\/div>\n\n\n\n<div class=\"wp-block-columns alignwide are-vertically-aligned-center is-layout-flex wp-container-core-columns-is-layout-9d6595d7 wp-block-columns-is-layout-flex\">\n<div class=\"wp-block-column is-layout-flow wp-block-column-is-layout-flow\" style=\"flex-basis:50%\">\n<p class=\"has-text-color\" style=\"color:#000000;font-size:30px;line-height:1.1\"><\/p>\n<\/div>\n\n\n\n<div class=\"wp-block-column is-layout-flow wp-block-column-is-layout-flow\" style=\"flex-basis:50%\">\n<hr class=\"wp-block-separator has-text-color has-css-opacity has-background is-style-wide\" style=\"background-color:#000000;color:#000000\"\/>\n<\/div>\n<\/div>\n\n\n\n<div class=\"wp-block-columns alignwide is-layout-flex wp-container-core-columns-is-layout-9d6595d7 wp-block-columns-is-layout-flex\">\n<div class=\"wp-block-column is-layout-flow wp-block-column-is-layout-flow\">\n<div class=\"wp-block-uagb-image uagb-block-8c5451a6 wp-block-uagb-image--layout-default wp-block-uagb-image--effect-static wp-block-uagb-image--align-none\"><figure class=\"wp-block-uagb-image__figure\"><img decoding=\"async\" srcset=\"https:\/\/sonapesca.org\/wp-content\/uploads\/2023\/06\/diagnostique-1-1024x483.png \" sizes=\"auto, (max-width: 480px) 150px\" src=\"https:\/\/sonapesca.org\/wp-content\/uploads\/2023\/06\/diagnostique-1-1024x483.png\" alt=\"\" class=\"uag-image-571\" width=\"1024\" height=\"483\" title=\"\" loading=\"lazy\"\/><\/figure><\/div>\n\n\n\n<div style=\"height:30px\" aria-hidden=\"true\" class=\"wp-block-spacer\"><\/div>\n\n\n\n<div class=\"wp-block-uagb-image uagb-block-5016a8b7 wp-block-uagb-image--layout-default wp-block-uagb-image--effect-static wp-block-uagb-image--align-none\"><figure class=\"wp-block-uagb-image__figure\"><img decoding=\"async\" srcset=\"https:\/\/sonapesca.org\/wp-content\/uploads\/2023\/09\/diagnostique2-1024x768.png \" sizes=\"auto, (max-width: 480px) 150px\" src=\"https:\/\/sonapesca.org\/wp-content\/uploads\/2023\/09\/diagnostique2-1024x768.png\" alt=\"\" class=\"uag-image-574\" width=\"969\" height=\"727\" title=\"\" loading=\"lazy\"\/><\/figure><\/div>\n<\/div>\n\n\n\n<div class=\"wp-block-column is-layout-flow wp-block-column-is-layout-flow\">\n<p class=\"has-text-color has-extra-small-font-size\" style=\"color:#000000\">La seconde mission pour l&rsquo;\u00e9laboration du plan strat\u00e9gique s&rsquo;est \u00e9tal\u00e9e sur la p\u00e9riode du 24 avril  au 12 mai 2023.  Elle \u00e9tait compos\u00e9e de cinq (5) membres dont : <\/p>\n\n\n\n<ul class=\"wp-block-list\">\n<li><strong>M. BAKOUAN Ali<\/strong>, Directeur G\u00e9n\u00e9ral du cabinet CHARSO PRESTATIONS Sarl, expert en Finances,<\/li>\n\n\n\n<li><strong>M. AVANDE Jean Michel, <\/strong>expert-comptable dipl\u00f4m\u00e9&nbsp;<\/li>\n\n\n\n<li><strong>M. DRABO Constantin, <\/strong>expert en syst\u00e8me informatique&nbsp;<\/li>\n\n\n\n<li><strong>M. ZAMPALIGRE Idrissa, <\/strong>expert en p\u00eache<\/li>\n\n\n\n<li><strong>M. LANKOANDE B\u00e9do St\u00e9phane, <\/strong>Economiste planificateur, expert en finances publiques<\/li>\n<\/ul>\n\n\n\n<p><\/p>\n\n\n\n<p class=\"has-text-color has-extra-small-font-size\" style=\"color:#000000\">Elle avait pour objectif  g\u00e9n\u00e9ral de faire un diagnostic sans complaisance de la SONAPESCA afin de produire un rapport mettant en exergue les d\u00e9fis en liens avec les opportunit\u00e9s qu&rsquo;offre l&rsquo;environnement du secteur de la p\u00eache sans oublier les menaces \u00e9ventuelles afin d&rsquo;aboutir \u00e0 des orientations strat\u00e9giques au profit de la SONAPESCA.<\/p>\n\n\n\n<p class=\"has-text-color has-extra-small-font-size\" style=\"color:#000000\">Les objectifs sp\u00e9cifiques de la missions \u00e9taient de : <\/p>\n\n\n\n<p><\/p>\n\n\n\n<div class=\"wp-block-uagb-icon-list uagb-block-f082ced6\"><div class=\"uagb-icon-list__wrap\">\n<div class=\"wp-block-uagb-icon-list-child uagb-block-3ac1e0d5\"><span class=\"uagb-icon-list__source-wrap\"><svg xmlns=\"https:\/\/www.w3.org\/2000\/svg\" viewBox=\"0 0 384 512\"><path d=\"M384 48V512l-192-112L0 512V48C0 21.5 21.5 0 48 0h288C362.5 0 384 21.5 384 48z\"><\/path><\/svg><\/span><span class=\"uagb-icon-list__label\">Faire la revue documentaire;<\/span><\/div>\n\n\n\n<div class=\"wp-block-uagb-icon-list-child uagb-block-9dcfc8af\"><span class=\"uagb-icon-list__source-wrap\"><svg xmlns=\"https:\/\/www.w3.org\/2000\/svg\" viewBox=\"0 0 384 512\"><path d=\"M384 48V512l-192-112L0 512V48C0 21.5 21.5 0 48 0h288C362.5 0 384 21.5 384 48z\"><\/path><\/svg><\/span><span class=\"uagb-icon-list__label\">Adopter les outils de collecte de donn\u00e9es<\/span><\/div>\n\n\n\n<div class=\"wp-block-uagb-icon-list-child uagb-block-19fd6eae\"><span class=\"uagb-icon-list__source-wrap\"><svg xmlns=\"https:\/\/www.w3.org\/2000\/svg\" viewBox=\"0 0 384 512\"><path d=\"M384 48V512l-192-112L0 512V48C0 21.5 21.5 0 48 0h288C362.5 0 384 21.5 384 48z\"><\/path><\/svg><\/span><span class=\"uagb-icon-list__label\">Administrer les outils de collecte des donn\u00e9es<\/span><\/div>\n\n\n\n<div class=\"wp-block-uagb-icon-list-child uagb-block-bf64011d\"><span class=\"uagb-icon-list__source-wrap\"><svg xmlns=\"https:\/\/www.w3.org\/2000\/svg\" viewBox=\"0 0 384 512\"><path d=\"M384 48V512l-192-112L0 512V48C0 21.5 21.5 0 48 0h288C362.5 0 384 21.5 384 48z\"><\/path><\/svg><\/span><span class=\"uagb-icon-list__label\">Mener une enqu\u00eate de perception<\/span><\/div>\n<\/div><\/div>\n<\/div>\n<\/div>\n\n\n\n<div class=\"wp-block-group\"><div class=\"wp-block-group__inner-container is-layout-constrained wp-block-group-is-layout-constrained\"><\/div><\/div>\n\n\n\n<div style=\"height:40px;width:0px\" aria-hidden=\"true\" class=\"wp-block-spacer\"><\/div>\n<\/div><\/div>\n","protected":false},"excerpt":{"rendered":"<p>La seconde mission pour l&rsquo;\u00e9laboration du plan strat\u00e9gique s&rsquo;est \u00e9tal\u00e9e sur la p\u00e9riode du 24 avril au 12 mai 2023. Elle \u00e9tait compos\u00e9e de cinq (5) membres dont : Elle avait pour objectif g\u00e9n\u00e9ral de faire un diagnostic sans complaisance de la SONAPESCA afin de produire un rapport mettant en exergue les d\u00e9fis en liens [&hellip;]<\/p>\n","protected":false},"author":1,"featured_media":0,"parent":0,"menu_order":0,"comment_status":"closed","ping_status":"closed","template":"templates\/template-page-full-width.php","meta":{"_uag_custom_page_level_css":"","footnotes":""},"class_list":["post-560","page","type-page","status-publish","hentry"],"uagb_featured_image_src":{"full":false,"thumbnail":false,"medium":false,"medium_large":false,"large":false,"1536x1536":false,"2048x2048":false},"uagb_author_info":{"display_name":"sonapescaguinee","author_link":"https:\/\/sonapesca.org\/index.php\/author\/sonapescaguinee\/"},"uagb_comment_info":0,"uagb_excerpt":"La seconde mission pour l&rsquo;\u00e9laboration du plan strat\u00e9gique s&rsquo;est \u00e9tal\u00e9e sur la p\u00e9riode du 24 avril au 12 mai 2023. Elle \u00e9tait compos\u00e9e de cinq (5) membres dont : Elle avait pour objectif g\u00e9n\u00e9ral de faire un diagnostic sans complaisance de la SONAPESCA afin de produire un rapport mettant en exergue les d\u00e9fis en liens\u2026","_links":{"self":[{"href":"https:\/\/sonapesca.org\/index.php\/wp-json\/wp\/v2\/pages\/560","targetHints":{"allow":["GET"]}}],"collection":[{"href":"https:\/\/sonapesca.org\/index.php\/wp-json\/wp\/v2\/pages"}],"about":[{"href":"https:\/\/sonapesca.org\/index.php\/wp-json\/wp\/v2\/types\/page"}],"author":[{"embeddable":true,"href":"https:\/\/sonapesca.org\/index.php\/wp-json\/wp\/v2\/users\/1"}],"replies":[{"embeddable":true,"href":"https:\/\/sonapesca.org\/index.php\/wp-json\/wp\/v2\/comments?post=560"}],"version-history":[{"count":17,"href":"https:\/\/sonapesca.org\/index.php\/wp-json\/wp\/v2\/pages\/560\/revisions"}],"predecessor-version":[{"id":623,"href":"https:\/\/sonapesca.org\/index.php\/wp-json\/wp\/v2\/pages\/560\/revisions\/623"}],"wp:attachment":[{"href":"https:\/\/sonapesca.org\/index.php\/wp-json\/wp\/v2\/media?parent=560"}],"curies":[{"name":"wp","href":"https:\/\/api.w.org\/{rel}","templated":true}]}}