{"id":278,"date":"2023-09-26T22:09:05","date_gmt":"2023-09-26T22:09:05","guid":{"rendered":"https:\/\/sonapesca.org\/?page_id=278"},"modified":"2023-09-26T22:25:11","modified_gmt":"2023-09-26T22:25:11","slug":"la-sonapesca-une-equipe","status":"publish","type":"page","link":"https:\/\/sonapesca.org\/index.php\/la-sonapesca-une-equipe\/","title":{"rendered":"La SONAPESCA <span> une \u00e9quipe , plusieurs comp\u00e9tence <\/span> pour la p\u00eache"},"content":{"rendered":"<h1>Une \u00e9quipe solide pour cr\u00e9er de la valeur et b\u00e2tir la confiance<\/h1>\n","protected":false},"excerpt":{"rendered":"<p>Une \u00e9quipe solide pour cr\u00e9er de la valeur et b\u00e2tir la confiance<\/p>\n","protected":false},"author":1,"featured_media":119,"parent":0,"menu_order":0,"comment_status":"closed","ping_status":"closed","template":"","meta":{"_uag_custom_page_level_css":"","footnotes":""},"class_list":["post-278","page","type-page","status-publish","has-post-thumbnail","hentry"],"uagb_featured_image_src":{"full":["https:\/\/sonapesca.org\/wp-content\/uploads\/2023\/09\/sonapescateam-3.jpeg",1600,600,false],"thumbnail":["https:\/\/sonapesca.org\/wp-content\/uploads\/2023\/09\/sonapescateam-3-150x150.jpeg",150,150,true],"medium":["https:\/\/sonapesca.org\/wp-content\/uploads\/2023\/09\/sonapescateam-3-300x113.jpeg",300,113,true],"medium_large":["https:\/\/sonapesca.org\/wp-content\/uploads\/2023\/09\/sonapescateam-3-768x288.jpeg",768,288,true],"large":["https:\/\/sonapesca.org\/wp-content\/uploads\/2023\/09\/sonapescateam-3-1024x384.jpeg",1024,384,true],"1536x1536":["https:\/\/sonapesca.org\/wp-content\/uploads\/2023\/09\/sonapescateam-3-1536x576.jpeg",1536,576,true],"2048x2048":["https:\/\/sonapesca.org\/wp-content\/uploads\/2023\/09\/sonapescateam-3.jpeg",1600,600,false]},"uagb_author_info":{"display_name":"sonapescaguinee","author_link":"https:\/\/sonapesca.org\/index.php\/author\/sonapescaguinee\/"},"uagb_comment_info":0,"uagb_excerpt":"Une \u00e9quipe solide pour cr\u00e9er de la valeur et b\u00e2tir la confiance","_links":{"self":[{"href":"https:\/\/sonapesca.org\/index.php\/wp-json\/wp\/v2\/pages\/278","targetHints":{"allow":["GET"]}}],"collection":[{"href":"https:\/\/sonapesca.org\/index.php\/wp-json\/wp\/v2\/pages"}],"about":[{"href":"https:\/\/sonapesca.org\/index.php\/wp-json\/wp\/v2\/types\/page"}],"author":[{"embeddable":true,"href":"https:\/\/sonapesca.org\/index.php\/wp-json\/wp\/v2\/users\/1"}],"replies":[{"embeddable":true,"href":"https:\/\/sonapesca.org\/index.php\/wp-json\/wp\/v2\/comments?post=278"}],"version-history":[{"count":6,"href":"https:\/\/sonapesca.org\/index.php\/wp-json\/wp\/v2\/pages\/278\/revisions"}],"predecessor-version":[{"id":289,"href":"https:\/\/sonapesca.org\/index.php\/wp-json\/wp\/v2\/pages\/278\/revisions\/289"}],"wp:featuredmedia":[{"embeddable":true,"href":"https:\/\/sonapesca.org\/index.php\/wp-json\/wp\/v2\/media\/119"}],"wp:attachment":[{"href":"https:\/\/sonapesca.org\/index.php\/wp-json\/wp\/v2\/media?parent=278"}],"curies":[{"name":"wp","href":"https:\/\/api.w.org\/{rel}","templated":true}]}}